{"id":3105,"date":"2020-03-20T21:23:57","date_gmt":"2020-03-20T20:23:57","guid":{"rendered":"https:\/\/www.miguelfernandez.fr\/?page_id=3105"},"modified":"2020-04-01T23:18:58","modified_gmt":"2020-04-01T21:18:58","slug":"caravana","status":"publish","type":"page","link":"https:\/\/www.miguelfernandez.fr\/es\/biographie\/caravana\/","title":{"rendered":"CARAVANA"},"content":{"rendered":"<div class=\"vc_row wpb_row vc_row-fluid\"><div class=\"wpb_column vc_column_container vc_col-sm-12\"><div class=\"vc_column-inner\"><div class=\"wpb_wrapper\">\n\t<div class=\"wpb_text_column wpb_content_element\" >\n\t\t<div class=\"wpb_wrapper\">\n\t\t\t<p><strong>CARAVANA es un grupo afrocubano de 10 m\u00fasicos cuyo fundador y percusionista es Miguel Fern\u00e1ndez. En 1997, el grupo public\u00f3 el \u00e1lbum Fl\u00e8che d'Or, grabado en directo en Radio Latina.<br \/>\nSiguieron una serie de conciertos en varios Zeniths, como Par\u00eds, Caen, Ru\u00e1n...<\/strong><\/p>\n\n\t\t<\/div>\n\t<\/div>\n\r\n\t<div class=\"swp_horizontal_separator\">\r\n\t\t<div class=\"swp_separator_inner align_center\" data-sepwidth=\"200\"><\/div>\r\n\t<\/div>\r\n\r\n\t<div class=\"vc_empty_space\"   style=\"height: 32px\"><span class=\"vc_empty_space_inner\"><\/span><\/div>\r\n\t<div class=\"swp_vc_section_title text_left\">\r\n\t\t<h2 class=\"section_title medium_size\">Fechas clave de CARAVANA<\/h2>\r\n\t<\/div>\r\n\t\r\n\t<div class=\"vc_empty_space\"   style=\"height: 32px\"><span class=\"vc_empty_space_inner\"><\/span><\/div><\/div><\/div><\/div><\/div><div class=\"vc_row wpb_row vc_row-fluid\"><div class=\"wpb_column vc_column_container vc_col-sm-6\"><div class=\"vc_column-inner\"><div class=\"wpb_wrapper\">\n\t<div class=\"wpb_text_column wpb_content_element\" >\n\t\t<div class=\"wpb_wrapper\">\n\t\t\t<ul>\n<li><em><em>XI\u00b0 Festival de Par\u00eds<\/em><\/em>&nbsp;<\/li>\n<li><em>La Coupole<\/em><\/li>\n<\/ul>\n<ul>\n<li><em>La Java<\/em><\/li>\n<\/ul>\n<ul>\n<li><em>Latina Caf\u00e9 en directo con Radio Latina y Radio Nova<\/em><\/li>\n<\/ul>\n<ul>\n<li><em>Petit journal Montparnasse<\/em><\/li>\n<\/ul>\n<ul>\n<li><em>El Duque de los Lombardos<\/em><\/li>\n<\/ul>\n<ul>\n<li><em>Nueva Ma\u00f1ana<\/em><\/li>\n<\/ul>\n<ul>\n<li><em>Club Med World<\/em><\/li>\n<\/ul>\n<ul>\n<li><em>La Sc\u00e8ne<\/em><\/li>\n<\/ul>\n<ul>\n<li><em>Balajo<\/em><\/li>\n<\/ul>\n<ul>\n<li><em>El\u00edseo de Montmartre<\/em><\/li>\n<\/ul>\n<ul>\n<li><em>Circuitos por Francia, Europa y \u00c1frica<\/em><\/li>\n<\/ul>\n<ul>\n<li><em>Actos de la boda de Mohamed VI en Rabat en el Palacio Hassan II<\/em><\/li>\n<\/ul>\n<ul>\n<li><em>Una velada privada para el Pr\u00edncipe Alberto de M\u00f3naco<\/em><\/li>\n<\/ul>\n<ul>\n<li><em>Nochevieja de 1995 en Cartago (T\u00fanez)<\/em><\/li>\n<\/ul>\n<ul>\n<li><em>Canal+Par\u00eds, Ives Lecoq, Muriel Hermine...<\/em><\/li>\n<\/ul>\n\n\t\t<\/div>\n\t<\/div>\n<\/div><\/div><\/div><div class=\"wpb_column vc_column_container vc_col-sm-6\"><div class=\"vc_column-inner\"><div class=\"wpb_wrapper\">\n\t<div  class=\"wpb_single_image wpb_content_element vc_align_left\">\n\t\t\n\t\t<figure class=\"wpb_wrapper vc_figure\">\n\t\t\t<div class=\"vc_single_image-wrapper   vc_box_border_grey\"><img width=\"1077\" height=\"663\" src=\"https:\/\/www.miguelfernandez.fr\/wp-content\/uploads\/2020\/04\/Caravana-1.jpg\" class=\"vc_single_image-img attachment-full\" alt=\"\" loading=\"lazy\" srcset=\"https:\/\/www.miguelfernandez.fr\/wp-content\/uploads\/2020\/04\/Caravana-1.jpg 1077w, https:\/\/www.miguelfernandez.fr\/wp-content\/uploads\/2020\/04\/Caravana-1-600x369.jpg 600w, https:\/\/www.miguelfernandez.fr\/wp-content\/uploads\/2020\/04\/Caravana-1-300x185.jpg 300w, https:\/\/www.miguelfernandez.fr\/wp-content\/uploads\/2020\/04\/Caravana-1-1024x630.jpg 1024w, https:\/\/www.miguelfernandez.fr\/wp-content\/uploads\/2020\/04\/Caravana-1-768x473.jpg 768w\" sizes=\"(max-width: 1077px) 100vw, 1077px\" \/><\/div>\n\t\t<\/figure>\n\t<\/div>\n\n\t<div  class=\"wpb_single_image wpb_content_element vc_align_left\">\n\t\t\n\t\t<figure class=\"wpb_wrapper vc_figure\">\n\t\t\t<div class=\"vc_single_image-wrapper   vc_box_border_grey\"><img width=\"1075\" height=\"708\" src=\"https:\/\/www.miguelfernandez.fr\/wp-content\/uploads\/2020\/04\/Caravana-2.jpg\" class=\"vc_single_image-img attachment-full\" alt=\"\" loading=\"lazy\" srcset=\"https:\/\/www.miguelfernandez.fr\/wp-content\/uploads\/2020\/04\/Caravana-2.jpg 1075w, https:\/\/www.miguelfernandez.fr\/wp-content\/uploads\/2020\/04\/Caravana-2-600x395.jpg 600w, https:\/\/www.miguelfernandez.fr\/wp-content\/uploads\/2020\/04\/Caravana-2-300x198.jpg 300w, https:\/\/www.miguelfernandez.fr\/wp-content\/uploads\/2020\/04\/Caravana-2-1024x674.jpg 1024w, https:\/\/www.miguelfernandez.fr\/wp-content\/uploads\/2020\/04\/Caravana-2-768x506.jpg 768w\" sizes=\"(max-width: 1075px) 100vw, 1075px\" \/><\/div>\n\t\t<\/figure>\n\t<\/div>\n<\/div><\/div><\/div><\/div><div class=\"vc_row wpb_row vc_row-fluid\"><div class=\"wpb_column vc_column_container vc_col-sm-12\"><div class=\"vc_column-inner\"><div class=\"wpb_wrapper\"><div class=\"vc_empty_space\"   style=\"height: 32px\"><span class=\"vc_empty_space_inner\"><\/span><\/div>\r\n\t<div class=\"swp_horizontal_separator\">\r\n\t\t<div class=\"swp_separator_inner align_center\" data-sepwidth=\"200\"><\/div>\r\n\t<\/div>\r\n\r\n\t<\/div><\/div><\/div><\/div><div class=\"vc_row wpb_row vc_row-fluid\"><div class=\"wpb_column vc_column_container vc_col-sm-12\"><div class=\"vc_column-inner\"><div class=\"wpb_wrapper\">\r\n\t<div class=\"swp_vc_section_title text_left\">\r\n\t\t<h2 class=\"section_title medium_size\">Escuchar CARAVANA<\/h2>\r\n\t<\/div>\r\n\t\r\n\t<div class=\"vc_empty_space\"   style=\"height: 32px\"><span class=\"vc_empty_space_inner\"><\/span><\/div><\/div><\/div><\/div><\/div><div class=\"vc_row wpb_row vc_row-fluid\"><div class=\"wpb_column vc_column_container vc_col-sm-12\"><div class=\"vc_column-inner\"><div class=\"wpb_wrapper\">\r\n\t<div class=\"swp_music_player lc_swp_boxed clearfix\" data-entryhbgcolor=\"#0a0a30\" data-autoplay=\"no\">\r\n\t\t<div class=\"music_player_left lc_swp_background_image\" data-bgimage=\"https:\/\/www.miguelfernandez.fr\/wp-content\/uploads\/2020\/04\/Caravana-CD-1.jpg\">\r\n\t\t\t<div class=\"lc_swp_bg_color album_left_overlay lc_swp_overlay\" data-color=\"rgba(0,0,0,0.01)\"><\/div>\r\n\t\t<\/div>\r\n\r\n\t\t<div class=\"music_player_right lc_swp_background_image\" data-bgimage=\"\">\r\n\t\t\t<div class=\"swp_player_top\">\r\n\t\t\t\t<div class=\"player_top_content\">\r\n\t\t\t\t\t\t\t\t\t\t\t<div class=\"album_featured_text\">\r\n\t\t\t\t\t\t\tCARAVANA\t\t\t\t\t\t<\/div>\r\n\t\t\t\t\t\r\n\t\t\t\t\t<div class=\"swp_player_title\">\r\n\t\t\t\t\t\tRadio Latina en directo en la Flecha de Oro (1997)\t\t\t\t\t<\/div>\r\n\t\t\t\t<\/div>\r\n\r\n\t\t\t\t\t\t\t<\/div>\r\n\r\n\t\t\t<div class=\"swp_player_content\">\r\n\t\t\t\t\t\r\n\t<div class=\"swp_music_player_entry clearfix\" data-mediafile=\"https:\/\/www.miguelfernandez.fr\/wp-content\/uploads\/2020\/04\/Sylvia.mp3\">\r\n\t\t<span class=\"swp_song_details player_entry_left\">\r\n\t\t\t<span class=\"play_icon\">\r\n\t\t\t\t<i class=\"fas fa-play before_song\"><\/i>\r\n\t\t\t<\/span>\r\n\t\t\t<span class=\"player_song_name transition3\">\r\n\t\t\t\tSylvia\t\t\t<\/span>\r\n\t\t<\/span>\r\n\r\n\t\t<span class=\"entry_duration\"><\/span>\t\t\r\n\r\n\t\t<span class=\"song_buy_icons transition3\">\r\n\t\t\t\t\t\t\t\t\t\t\t\t\t\t\t\t\t\t\t\t<\/span>\r\n\t<\/div>\r\n\r\n\t\r\n\t<div class=\"swp_music_player_entry clearfix\" data-mediafile=\"https:\/\/www.miguelfernandez.fr\/wp-content\/uploads\/2020\/04\/No-se.mp3\">\r\n\t\t<span class=\"swp_song_details player_entry_left\">\r\n\t\t\t<span class=\"play_icon\">\r\n\t\t\t\t<i class=\"fas fa-play before_song\"><\/i>\r\n\t\t\t<\/span>\r\n\t\t\t<span class=\"player_song_name transition3\">\r\n\t\t\t\tNo se\t\t\t<\/span>\r\n\t\t<\/span>\r\n\r\n\t\t<span class=\"entry_duration\"><\/span>\t\t\r\n\r\n\t\t<span class=\"song_buy_icons transition3\">\r\n\t\t\t\t\t\t\t\t\t\t\t\t\t\t\t\t\t\t\t\t<\/span>\r\n\t<\/div>\r\n\r\n\t\r\n\t<div class=\"swp_music_player_entry clearfix\" data-mediafile=\"https:\/\/www.miguelfernandez.fr\/wp-content\/uploads\/2020\/04\/Entre-frio-y-caliente.mp3\">\r\n\t\t<span class=\"swp_song_details player_entry_left\">\r\n\t\t\t<span class=\"play_icon\">\r\n\t\t\t\t<i class=\"fas fa-play before_song\"><\/i>\r\n\t\t\t<\/span>\r\n\t\t\t<span class=\"player_song_name transition3\">\r\n\t\t\t\tEntre fr\u00edo y caliente\t\t\t<\/span>\r\n\t\t<\/span>\r\n\r\n\t\t<span class=\"entry_duration\"><\/span>\t\t\r\n\r\n\t\t<span class=\"song_buy_icons transition3\">\r\n\t\t\t\t\t\t\t\t\t\t\t\t\t\t\t\t\t\t\t\t<\/span>\r\n\t<\/div>\r\n\r\n\t\r\n\t<div class=\"swp_music_player_entry clearfix\" data-mediafile=\"https:\/\/www.miguelfernandez.fr\/wp-content\/uploads\/2020\/04\/Apenas-abro-los-ojos.mp3\">\r\n\t\t<span class=\"swp_song_details player_entry_left\">\r\n\t\t\t<span class=\"play_icon\">\r\n\t\t\t\t<i class=\"fas fa-play before_song\"><\/i>\r\n\t\t\t<\/span>\r\n\t\t\t<span class=\"player_song_name transition3\">\r\n\t\t\t\tApenas abro los ojos\t\t\t<\/span>\r\n\t\t<\/span>\r\n\r\n\t\t<span class=\"entry_duration\"><\/span>\t\t\r\n\r\n\t\t<span class=\"song_buy_icons transition3\">\r\n\t\t\t\t\t\t\t\t\t\t\t\t\t\t\t\t\t\t\t\t<\/span>\r\n\t<\/div>\r\n\r\n\t\t\t<\/div>\t\r\n\r\n\t\t\t<div class=\"swp_player_bottom\">\r\n\t\t\t\t<div class=\"swp_player_bottom_inner\">\r\n\t\t\t\t\t<div class=\"player_time_slider_base\"><\/div>\r\n\t\t\t\t\t<div class=\"player_time_slider\"><\/div>\r\n\t\t\t\t\t<div class=\"swp_current_play\">\r\n\t\t\t\t\t\t<div class=\"before_current_song_name\">Playing<\/div>\r\n\t\t\t\t\t\t<div class=\"current_song_name\"><\/div>\r\n\t\t\t\t\t<\/div>\r\n\r\n\t\t\t\t\t<div class=\"swp_player_controls\">\r\n\t\t\t\t\t\t<i class=\"fas fa-step-backward\"><\/i>\r\n\t\t\t\t\t\t<i class=\"fas fa-play player_play\"><\/i>\r\n\t\t\t\t\t\t<i class=\"fas fa-pause display_none\"><\/i>\r\n\t\t\t\t\t\t<i class=\"fas fa-step-forward\"><\/i>\r\n\t\t\t\t\t<\/div>\r\n\r\n\t\t\t\t\t<div class=\"swp_timeline\">\r\n\t\t\t\t\t\t<span class=\"song_current_progress\"><\/span>\r\n\t\t\t\t\t\t<span class=\"player_duration_sep\">&#47;<\/span>\r\n\t\t\t\t\t\t<span class=\"song_duration\"><\/span>\r\n\t\t\t\t\t<\/div>\r\n\t\t\t\t<\/div>\r\n\t\t\t<\/div>\r\n\t\t\t<div class=\"lc_swp_bg_color album_right_overlay lc_swp_overlay\" data-color=\"rgba(0,0,0,0.01)\"><\/div>\r\n\t\t<\/div>\r\n\t<\/div>\r\n<\/div><\/div><\/div><\/div><div class=\"vc_row wpb_row vc_row-fluid\"><div class=\"wpb_column vc_column_container vc_col-sm-12\"><div class=\"vc_column-inner\"><div class=\"wpb_wrapper\"><\/div><\/div><\/div><\/div>","protected":false},"excerpt":{"rendered":"CARAVANA est une formation Afro-Cubaine de 10 musiciens dont le fondateur et percussionniste est Miguel Fernandez. En 1997, le groupe sort l'album \"Fl\u00e8che d'Or\" enregistr\u00e9 lors d'un live Radio Latina. De nombreux concerts se succ\u00e9deront par la suite sur les...","protected":false},"author":2,"featured_media":0,"parent":2893,"menu_order":0,"comment_status":"closed","ping_status":"closed","template":"","meta":[],"yoast_head":"<!-- This site is optimized with the Yoast SEO plugin v19.13 - https:\/\/yoast.com\/wordpress\/plugins\/seo\/ -->\n<title>CARAVANA - Miguel Fernandez<\/title>\n<meta name=\"robots\" content=\"index, follow, max-snippet:-1, max-image-preview:large, max-video-preview:-1\" \/>\n<link rel=\"canonical\" href=\"https:\/\/www.miguelfernandez.fr\/es\/biographie\/caravana\/\" \/>\n<meta property=\"og:locale\" content=\"es_ES\" \/>\n<meta property=\"og:type\" content=\"article\" \/>\n<meta property=\"og:title\" content=\"CARAVANA - Miguel Fernandez\" \/>\n<meta property=\"og:url\" content=\"https:\/\/www.miguelfernandez.fr\/es\/biographie\/caravana\/\" \/>\n<meta property=\"og:site_name\" content=\"Miguel Fernandez\" \/>\n<meta property=\"article:modified_time\" content=\"2020-04-01T21:18:58+00:00\" \/>\n<meta name=\"twitter:card\" content=\"summary_large_image\" \/>\n<meta name=\"twitter:label1\" content=\"Tiempo de lectura\" \/>\n\t<meta name=\"twitter:data1\" content=\"2 minutos\" \/>\n<script type=\"application\/ld+json\" class=\"yoast-schema-graph\">{\"@context\":\"https:\/\/schema.org\",\"@graph\":[{\"@type\":\"WebPage\",\"@id\":\"https:\/\/www.miguelfernandez.fr\/biographie\/caravana\/\",\"url\":\"https:\/\/www.miguelfernandez.fr\/biographie\/caravana\/\",\"name\":\"CARAVANA - Miguel Fernandez\",\"isPartOf\":{\"@id\":\"https:\/\/www.miguelfernandez.fr\/#website\"},\"datePublished\":\"2020-03-20T20:23:57+00:00\",\"dateModified\":\"2020-04-01T21:18:58+00:00\",\"breadcrumb\":{\"@id\":\"https:\/\/www.miguelfernandez.fr\/biographie\/caravana\/#breadcrumb\"},\"inLanguage\":\"es\",\"potentialAction\":[{\"@type\":\"ReadAction\",\"target\":[\"https:\/\/www.miguelfernandez.fr\/biographie\/caravana\/\"]}]},{\"@type\":\"BreadcrumbList\",\"@id\":\"https:\/\/www.miguelfernandez.fr\/biographie\/caravana\/#breadcrumb\",\"itemListElement\":[{\"@type\":\"ListItem\",\"position\":1,\"name\":\"Accueil\",\"item\":\"https:\/\/www.miguelfernandez.fr\/\"},{\"@type\":\"ListItem\",\"position\":2,\"name\":\"Biographie\",\"item\":\"https:\/\/www.miguelfernandez.fr\/biographie\/\"},{\"@type\":\"ListItem\",\"position\":3,\"name\":\"CARAVANA\"}]},{\"@type\":\"WebSite\",\"@id\":\"https:\/\/www.miguelfernandez.fr\/#website\",\"url\":\"https:\/\/www.miguelfernandez.fr\/\",\"name\":\"Miguel Fernandez\",\"description\":\"Musicien Percussionniste &amp; Drums\",\"publisher\":{\"@id\":\"https:\/\/www.miguelfernandez.fr\/#\/schema\/person\/fc76f1b858105e5d2890a7dd11a42ea8\"},\"potentialAction\":[{\"@type\":\"SearchAction\",\"target\":{\"@type\":\"EntryPoint\",\"urlTemplate\":\"https:\/\/www.miguelfernandez.fr\/?s={search_term_string}\"},\"query-input\":\"required name=search_term_string\"}],\"inLanguage\":\"es\"},{\"@type\":[\"Person\",\"Organization\"],\"@id\":\"https:\/\/www.miguelfernandez.fr\/#\/schema\/person\/fc76f1b858105e5d2890a7dd11a42ea8\",\"name\":\"Miguel Fernandez\",\"image\":{\"@type\":\"ImageObject\",\"inLanguage\":\"es\",\"@id\":\"https:\/\/www.miguelfernandez.fr\/#\/schema\/person\/image\/\",\"url\":\"https:\/\/www.miguelfernandez.fr\/wp-content\/uploads\/2020\/02\/Miguel-Hernandez-percussionniste-drums-1.png\",\"contentUrl\":\"https:\/\/www.miguelfernandez.fr\/wp-content\/uploads\/2020\/02\/Miguel-Hernandez-percussionniste-drums-1.png\",\"width\":150,\"height\":141,\"caption\":\"Miguel Fernandez\"},\"logo\":{\"@id\":\"https:\/\/www.miguelfernandez.fr\/#\/schema\/person\/image\/\"}}]}<\/script>\n<!-- \/ Yoast SEO plugin. -->","yoast_head_json":{"title":"CARAVANA - Miguel Fern\u00e1ndez","robots":{"index":"index","follow":"follow","max-snippet":"max-snippet:-1","max-image-preview":"max-image-preview:large","max-video-preview":"max-video-preview:-1"},"canonical":"https:\/\/www.miguelfernandez.fr\/es\/biographie\/caravana\/","og_locale":"es_ES","og_type":"article","og_title":"CARAVANA - Miguel Fernandez","og_url":"https:\/\/www.miguelfernandez.fr\/es\/biographie\/caravana\/","og_site_name":"Miguel Fernandez","article_modified_time":"2020-04-01T21:18:58+00:00","twitter_card":"summary_large_image","twitter_misc":{"Tiempo de lectura":"2 minutos"},"schema":{"@context":"https:\/\/schema.org","@graph":[{"@type":"WebPage","@id":"https:\/\/www.miguelfernandez.fr\/biographie\/caravana\/","url":"https:\/\/www.miguelfernandez.fr\/biographie\/caravana\/","name":"CARAVANA - Miguel Fern\u00e1ndez","isPartOf":{"@id":"https:\/\/www.miguelfernandez.fr\/#website"},"datePublished":"2020-03-20T20:23:57+00:00","dateModified":"2020-04-01T21:18:58+00:00","breadcrumb":{"@id":"https:\/\/www.miguelfernandez.fr\/biographie\/caravana\/#breadcrumb"},"inLanguage":"es","potentialAction":[{"@type":"ReadAction","target":["https:\/\/www.miguelfernandez.fr\/biographie\/caravana\/"]}]},{"@type":"BreadcrumbList","@id":"https:\/\/www.miguelfernandez.fr\/biographie\/caravana\/#breadcrumb","itemListElement":[{"@type":"ListItem","position":1,"name":"Accueil","item":"https:\/\/www.miguelfernandez.fr\/"},{"@type":"ListItem","position":2,"name":"Biographie","item":"https:\/\/www.miguelfernandez.fr\/biographie\/"},{"@type":"ListItem","position":3,"name":"CARAVANA"}]},{"@type":"WebSite","@id":"https:\/\/www.miguelfernandez.fr\/#website","url":"https:\/\/www.miguelfernandez.fr\/","name":"Miguel Fern\u00e1ndez","description":"Percusionista y bater\u00eda","publisher":{"@id":"https:\/\/www.miguelfernandez.fr\/#\/schema\/person\/fc76f1b858105e5d2890a7dd11a42ea8"},"potentialAction":[{"@type":"SearchAction","target":{"@type":"EntryPoint","urlTemplate":"https:\/\/www.miguelfernandez.fr\/?s={search_term_string}"},"query-input":"required name=search_term_string"}],"inLanguage":"es"},{"@type":["Person","Organization"],"@id":"https:\/\/www.miguelfernandez.fr\/#\/schema\/person\/fc76f1b858105e5d2890a7dd11a42ea8","name":"Miguel Fern\u00e1ndez","image":{"@type":"ImageObject","inLanguage":"es","@id":"https:\/\/www.miguelfernandez.fr\/#\/schema\/person\/image\/","url":"https:\/\/www.miguelfernandez.fr\/wp-content\/uploads\/2020\/02\/Miguel-Hernandez-percussionniste-drums-1.png","contentUrl":"https:\/\/www.miguelfernandez.fr\/wp-content\/uploads\/2020\/02\/Miguel-Hernandez-percussionniste-drums-1.png","width":150,"height":141,"caption":"Miguel Fernandez"},"logo":{"@id":"https:\/\/www.miguelfernandez.fr\/#\/schema\/person\/image\/"}}]}},"_links":{"self":[{"href":"https:\/\/www.miguelfernandez.fr\/es\/wp-json\/wp\/v2\/pages\/3105"}],"collection":[{"href":"https:\/\/www.miguelfernandez.fr\/es\/wp-json\/wp\/v2\/pages"}],"about":[{"href":"https:\/\/www.miguelfernandez.fr\/es\/wp-json\/wp\/v2\/types\/page"}],"author":[{"embeddable":true,"href":"https:\/\/www.miguelfernandez.fr\/es\/wp-json\/wp\/v2\/users\/2"}],"replies":[{"embeddable":true,"href":"https:\/\/www.miguelfernandez.fr\/es\/wp-json\/wp\/v2\/comments?post=3105"}],"version-history":[{"count":30,"href":"https:\/\/www.miguelfernandez.fr\/es\/wp-json\/wp\/v2\/pages\/3105\/revisions"}],"predecessor-version":[{"id":3436,"href":"https:\/\/www.miguelfernandez.fr\/es\/wp-json\/wp\/v2\/pages\/3105\/revisions\/3436"}],"up":[{"embeddable":true,"href":"https:\/\/www.miguelfernandez.fr\/es\/wp-json\/wp\/v2\/pages\/2893"}],"wp:attachment":[{"href":"https:\/\/www.miguelfernandez.fr\/es\/wp-json\/wp\/v2\/media?parent=3105"}],"curies":[{"name":"wp","href":"https:\/\/api.w.org\/{rel}","templated":true}]}}